{"id":102,"date":"2024-05-15T11:46:04","date_gmt":"2024-05-15T11:46:04","guid":{"rendered":"http:\/\/ordendergeusen.de\/?page_id=102"},"modified":"2024-05-17T13:36:51","modified_gmt":"2024-05-17T13:36:51","slug":"rotte-brabant-daenemark","status":"publish","type":"page","link":"https:\/\/www.ordendergeusen.de\/?page_id=102","title":{"rendered":"Rotte Brabant (Augustenborg, D\u00e4nemark)"},"content":{"rendered":"\n<pre class=\"wp-block-verse\">Wir sind die Rotte Brabant. Wir sind Augustenborg auf der Insel Als in Nordschleswig ans\u00e4ssig.<br><br>Wir treffen uns jeden Sonntag von 17 bis 19 Uhr.<br><br>Wir freuen uns \u00fcber jeden Jungen zwischen 7 und 13 Jahren, der gerne wandern, zelten, mit anderen Jungs raufen und Abenteuer erleben m\u00f6chte.<\/pre>\n\n\n\n<div class=\"wp-block-jetpack-tiled-gallery aligncenter is-style-rectangular\"><div class=\"\"><div class=\"tiled-gallery__gallery\"><div class=\"tiled-gallery__row\"><div class=\"tiled-gallery__col\" style=\"flex-basis:100.00000%\"><figure class=\"tiled-gallery__item\"><img decoding=\"async\" srcset=\"https:\/\/i0.wp.com\/ordendergeusen.de\/wp-content\/uploads\/2024\/05\/20220710_193405-1024x485.jpg?strip=info&#038;w=600&#038;ssl=1 600w,https:\/\/i0.wp.com\/ordendergeusen.de\/wp-content\/uploads\/2024\/05\/20220710_193405-1024x485.jpg?strip=info&#038;w=900&#038;ssl=1 900w,https:\/\/i0.wp.com\/ordendergeusen.de\/wp-content\/uploads\/2024\/05\/20220710_193405-1024x485.jpg?strip=info&#038;w=1200&#038;ssl=1 1200w,https:\/\/i0.wp.com\/ordendergeusen.de\/wp-content\/uploads\/2024\/05\/20220710_193405-1024x485.jpg?strip=info&#038;w=1500&#038;ssl=1 1500w,https:\/\/i0.wp.com\/ordendergeusen.de\/wp-content\/uploads\/2024\/05\/20220710_193405-1024x485.jpg?strip=info&#038;w=1800&#038;ssl=1 1800w,https:\/\/i0.wp.com\/ordendergeusen.de\/wp-content\/uploads\/2024\/05\/20220710_193405-1024x485.jpg?strip=info&#038;w=2000&#038;ssl=1 2000w\" alt=\"\" data-height=\"1211\" data-id=\"233\" data-link=\"https:\/\/ordendergeusen.de\/?attachment_id=233\" data-url=\"https:\/\/ordendergeusen.de\/wp-content\/uploads\/2024\/05\/20220710_193405-1024x485.jpg\" data-width=\"2560\" src=\"https:\/\/i0.wp.com\/ordendergeusen.de\/wp-content\/uploads\/2024\/05\/20220710_193405-1024x485.jpg?ssl=1\" data-amp-layout=\"responsive\"\/><\/figure><\/div><\/div><div class=\"tiled-gallery__row\"><div class=\"tiled-gallery__col\" style=\"flex-basis:50.00000%\"><figure class=\"tiled-gallery__item\"><img decoding=\"async\" srcset=\"https:\/\/i0.wp.com\/ordendergeusen.de\/wp-content\/uploads\/2024\/05\/IMG_20230319_091938868_MFNR-771x1024.jpg?strip=info&#038;w=600&#038;ssl=1 600w,https:\/\/i0.wp.com\/ordendergeusen.de\/wp-content\/uploads\/2024\/05\/IMG_20230319_091938868_MFNR-771x1024.jpg?strip=info&#038;w=900&#038;ssl=1 900w,https:\/\/i0.wp.com\/ordendergeusen.de\/wp-content\/uploads\/2024\/05\/IMG_20230319_091938868_MFNR-771x1024.jpg?strip=info&#038;w=1200&#038;ssl=1 1200w,https:\/\/i0.wp.com\/ordendergeusen.de\/wp-content\/uploads\/2024\/05\/IMG_20230319_091938868_MFNR-771x1024.jpg?strip=info&#038;w=1500&#038;ssl=1 1500w,https:\/\/i0.wp.com\/ordendergeusen.de\/wp-content\/uploads\/2024\/05\/IMG_20230319_091938868_MFNR-771x1024.jpg?strip=info&#038;w=1800&#038;ssl=1 1800w,https:\/\/i0.wp.com\/ordendergeusen.de\/wp-content\/uploads\/2024\/05\/IMG_20230319_091938868_MFNR-771x1024.jpg?strip=info&#038;w=1928&#038;ssl=1 1928w\" alt=\"\" data-height=\"2560\" data-id=\"231\" data-link=\"https:\/\/ordendergeusen.de\/?attachment_id=231\" data-url=\"https:\/\/ordendergeusen.de\/wp-content\/uploads\/2024\/05\/IMG_20230319_091938868_MFNR-771x1024.jpg\" data-width=\"1928\" src=\"https:\/\/i0.wp.com\/ordendergeusen.de\/wp-content\/uploads\/2024\/05\/IMG_20230319_091938868_MFNR-771x1024.jpg?ssl=1\" data-amp-layout=\"responsive\"\/><\/figure><\/div><div class=\"tiled-gallery__col\" style=\"flex-basis:50.00000%\"><figure class=\"tiled-gallery__item\"><img decoding=\"async\" srcset=\"https:\/\/i2.wp.com\/ordendergeusen.de\/wp-content\/uploads\/2024\/05\/IMG_20230318_175129242_MFNR-771x1024.jpg?strip=info&#038;w=600&#038;ssl=1 600w,https:\/\/i2.wp.com\/ordendergeusen.de\/wp-content\/uploads\/2024\/05\/IMG_20230318_175129242_MFNR-771x1024.jpg?strip=info&#038;w=900&#038;ssl=1 900w,https:\/\/i2.wp.com\/ordendergeusen.de\/wp-content\/uploads\/2024\/05\/IMG_20230318_175129242_MFNR-771x1024.jpg?strip=info&#038;w=1200&#038;ssl=1 1200w,https:\/\/i2.wp.com\/ordendergeusen.de\/wp-content\/uploads\/2024\/05\/IMG_20230318_175129242_MFNR-771x1024.jpg?strip=info&#038;w=1500&#038;ssl=1 1500w,https:\/\/i2.wp.com\/ordendergeusen.de\/wp-content\/uploads\/2024\/05\/IMG_20230318_175129242_MFNR-771x1024.jpg?strip=info&#038;w=1800&#038;ssl=1 1800w,https:\/\/i2.wp.com\/ordendergeusen.de\/wp-content\/uploads\/2024\/05\/IMG_20230318_175129242_MFNR-771x1024.jpg?strip=info&#038;w=1928&#038;ssl=1 1928w\" alt=\"\" data-height=\"2560\" data-id=\"232\" data-link=\"https:\/\/ordendergeusen.de\/?attachment_id=232\" data-url=\"https:\/\/ordendergeusen.de\/wp-content\/uploads\/2024\/05\/IMG_20230318_175129242_MFNR-771x1024.jpg\" data-width=\"1928\" src=\"https:\/\/i2.wp.com\/ordendergeusen.de\/wp-content\/uploads\/2024\/05\/IMG_20230318_175129242_MFNR-771x1024.jpg?ssl=1\" data-amp-layout=\"responsive\"\/><\/figure><\/div><\/div><\/div><\/div><\/div>\n\n\n\n<div class=\"wp-block-buttons is-layout-flex wp-block-buttons-is-layout-flex\">\n<div class=\"wp-block-button is-style-outline is-style-outline--1\"><a class=\"wp-block-button__link wp-element-button\" href=\"https:\/\/ordendergeusen.de\/?page_id=260\">Berichte der rotte brabant<\/a><\/div>\n<\/div>\n","protected":false},"excerpt":{"rendered":"<p>Wir sind die Rotte Brabant. Wir sind Augustenborg auf der Insel Als in Nordschleswig ans\u00e4ssig.Wir treffen uns jeden Sonntag von<\/p>\n<p><a href=\"https:\/\/www.ordendergeusen.de\/?page_id=102\" class=\"more-link\">Continue reading<span class=\"screen-reader-text\">Rotte Brabant (Augustenborg, D\u00e4nemark)<\/span><\/a><\/p>\n","protected":false},"author":1,"featured_media":0,"parent":0,"menu_order":0,"comment_status":"closed","ping_status":"closed","template":"","meta":{"pgc_sgb_lightbox_settings":"","footnotes":""},"class_list":["post-102","page","type-page","status-publish","hentry"],"jetpack_sharing_enabled":true,"_links":{"self":[{"href":"https:\/\/www.ordendergeusen.de\/index.php?rest_route=\/wp\/v2\/pages\/102","targetHints":{"allow":["GET"]}}],"collection":[{"href":"https:\/\/www.ordendergeusen.de\/index.php?rest_route=\/wp\/v2\/pages"}],"about":[{"href":"https:\/\/www.ordendergeusen.de\/index.php?rest_route=\/wp\/v2\/types\/page"}],"author":[{"embeddable":true,"href":"https:\/\/www.ordendergeusen.de\/index.php?rest_route=\/wp\/v2\/users\/1"}],"replies":[{"embeddable":true,"href":"https:\/\/www.ordendergeusen.de\/index.php?rest_route=%2Fwp%2Fv2%2Fcomments&post=102"}],"version-history":[{"count":5,"href":"https:\/\/www.ordendergeusen.de\/index.php?rest_route=\/wp\/v2\/pages\/102\/revisions"}],"predecessor-version":[{"id":272,"href":"https:\/\/www.ordendergeusen.de\/index.php?rest_route=\/wp\/v2\/pages\/102\/revisions\/272"}],"wp:attachment":[{"href":"https:\/\/www.ordendergeusen.de\/index.php?rest_route=%2Fwp%2Fv2%2Fmedia&parent=102"}],"curies":[{"name":"wp","href":"https:\/\/api.w.org\/{rel}","templated":true}]}}