{"id":177,"date":"2024-05-16T15:16:13","date_gmt":"2024-05-16T15:16:13","guid":{"rendered":"http:\/\/ordendergeusen.de\/?page_id=177"},"modified":"2026-04-08T17:05:20","modified_gmt":"2026-04-08T17:05:20","slug":"rotte-schwarze-galeere-hattingen-bochum","status":"publish","type":"page","link":"https:\/\/www.ordendergeusen.de\/?page_id=177","title":{"rendered":"Rotte Schwarze Galeere (Velbert &amp; Bochum)"},"content":{"rendered":"\n<hr class=\"wp-block-separator has-css-opacity is-style-default\"\/>\n\n\n<div class=\"wp-block-image is-style-rounded\">\n<figure class=\"aligncenter size-large is-resized\"><img loading=\"lazy\" decoding=\"async\" width=\"1024\" height=\"683\" src=\"https:\/\/ordendergeusen.de\/wp-content\/uploads\/2024\/05\/DSC09489-1024x683.jpg\" alt=\"\" class=\"wp-image-192\" style=\"width:150px;height:150px\" srcset=\"https:\/\/www.ordendergeusen.de\/wp-content\/uploads\/2024\/05\/DSC09489-1024x683.jpg 1024w, https:\/\/www.ordendergeusen.de\/wp-content\/uploads\/2024\/05\/DSC09489-300x200.jpg 300w, https:\/\/www.ordendergeusen.de\/wp-content\/uploads\/2024\/05\/DSC09489-768x512.jpg 768w, https:\/\/www.ordendergeusen.de\/wp-content\/uploads\/2024\/05\/DSC09489-1536x1024.jpg 1536w, https:\/\/www.ordendergeusen.de\/wp-content\/uploads\/2024\/05\/DSC09489-2048x1365.jpg 2048w, https:\/\/www.ordendergeusen.de\/wp-content\/uploads\/2024\/05\/DSC09489-507x338.jpg 507w\" sizes=\"auto, (max-width: 1024px) 100vw, 1024px\" \/><\/figure>\n<\/div>\n\n\n<hr class=\"wp-block-separator has-alpha-channel-opacity\"\/>\n\n\n\n<blockquote class=\"wp-block-quote has-text-align-center is-style-large is-layout-flow wp-block-quote-is-layout-flow\">\n<p>\u201eWer an der K\u00fcste bleibt, kann keine neuen Ozeane entdecken.\u201c<\/p>\n<cite>\u2013 Ferdinand Magellan<\/cite><\/blockquote>\n\n\n\n<hr class=\"wp-block-separator has-css-opacity is-style-default\"\/>\n\n\n\n<pre class=\"wp-block-verse\">Erlebe aufregende Abenteuer und unvergessliche Erlebnisse auf unseren Wanderfahrten! Ob am Wochenende oder \u00fcber mehrere Wochen hinweg \u2013 wir brechen aus dem Alltagstrott aus und lassen den Fernseher hinter uns. Stattdessen genie\u00dfen wir die Freiheit der Natur, spielen spannende Spiele, singen Lieder am Lagerfeuer und schmieden Pl\u00e4ne f\u00fcr unsere n\u00e4chsten gro\u00dfen Unternehmungen. Manchmal plaudern wir auch einfach gem\u00fctlich, ganz nach Lust und Laune. Unsere Jungengruppe in Hattingen und Bochum hei\u00dft alle abenteuerlustigen Jungen ab dem 12. Lebensjahr herzlich willkommen. F\u00fcr J\u00fcngere ab dem 8. Lebensjahr haben wir die Rotte Blaue Galeere in Velbert aktiv.<\/pre>\n\n\n\n<div class=\"wp-block-jetpack-tiled-gallery aligncenter is-style-rectangular\"><div class=\"\"><div class=\"tiled-gallery__gallery\"><div class=\"tiled-gallery__row\"><div class=\"tiled-gallery__col\" style=\"flex-basis:66.76864%\"><figure class=\"tiled-gallery__item\"><img decoding=\"async\" srcset=\"https:\/\/i2.wp.com\/ordendergeusen.de\/wp-content\/uploads\/2024\/05\/PXL_20230723_170743489-1024x771.jpg?strip=info&#038;w=600&#038;ssl=1 600w,https:\/\/i2.wp.com\/ordendergeusen.de\/wp-content\/uploads\/2024\/05\/PXL_20230723_170743489-1024x771.jpg?strip=info&#038;w=900&#038;ssl=1 900w,https:\/\/i2.wp.com\/ordendergeusen.de\/wp-content\/uploads\/2024\/05\/PXL_20230723_170743489-1024x771.jpg?strip=info&#038;w=1200&#038;ssl=1 1200w,https:\/\/i2.wp.com\/ordendergeusen.de\/wp-content\/uploads\/2024\/05\/PXL_20230723_170743489-1024x771.jpg?strip=info&#038;w=1500&#038;ssl=1 1500w,https:\/\/i2.wp.com\/ordendergeusen.de\/wp-content\/uploads\/2024\/05\/PXL_20230723_170743489-1024x771.jpg?strip=info&#038;w=1800&#038;ssl=1 1800w,https:\/\/i2.wp.com\/ordendergeusen.de\/wp-content\/uploads\/2024\/05\/PXL_20230723_170743489-1024x771.jpg?strip=info&#038;w=2000&#038;ssl=1 2000w\" alt=\"\" data-height=\"1928\" data-id=\"193\" data-link=\"https:\/\/ordendergeusen.de\/?attachment_id=193\" data-url=\"https:\/\/ordendergeusen.de\/wp-content\/uploads\/2024\/05\/PXL_20230723_170743489-1024x771.jpg\" data-width=\"2560\" src=\"https:\/\/i2.wp.com\/ordendergeusen.de\/wp-content\/uploads\/2024\/05\/PXL_20230723_170743489-1024x771.jpg?ssl=1\" data-amp-layout=\"responsive\"\/><\/figure><\/div><div class=\"tiled-gallery__col\" style=\"flex-basis:33.23136%\"><figure class=\"tiled-gallery__item\"><img decoding=\"async\" srcset=\"https:\/\/i0.wp.com\/ordendergeusen.de\/wp-content\/uploads\/2024\/05\/PXL_20230722_121745992-1024x771.jpg?strip=info&#038;w=600&#038;ssl=1 600w,https:\/\/i0.wp.com\/ordendergeusen.de\/wp-content\/uploads\/2024\/05\/PXL_20230722_121745992-1024x771.jpg?strip=info&#038;w=900&#038;ssl=1 900w,https:\/\/i0.wp.com\/ordendergeusen.de\/wp-content\/uploads\/2024\/05\/PXL_20230722_121745992-1024x771.jpg?strip=info&#038;w=1200&#038;ssl=1 1200w,https:\/\/i0.wp.com\/ordendergeusen.de\/wp-content\/uploads\/2024\/05\/PXL_20230722_121745992-1024x771.jpg?strip=info&#038;w=1500&#038;ssl=1 1500w,https:\/\/i0.wp.com\/ordendergeusen.de\/wp-content\/uploads\/2024\/05\/PXL_20230722_121745992-1024x771.jpg?strip=info&#038;w=1800&#038;ssl=1 1800w,https:\/\/i0.wp.com\/ordendergeusen.de\/wp-content\/uploads\/2024\/05\/PXL_20230722_121745992-1024x771.jpg?strip=info&#038;w=2000&#038;ssl=1 2000w\" alt=\"\" data-height=\"1928\" data-id=\"195\" data-link=\"https:\/\/ordendergeusen.de\/?attachment_id=195\" data-url=\"https:\/\/ordendergeusen.de\/wp-content\/uploads\/2024\/05\/PXL_20230722_121745992-1024x771.jpg\" data-width=\"2560\" src=\"https:\/\/i0.wp.com\/ordendergeusen.de\/wp-content\/uploads\/2024\/05\/PXL_20230722_121745992-1024x771.jpg?ssl=1\" data-amp-layout=\"responsive\"\/><\/figure><figure class=\"tiled-gallery__item\"><img decoding=\"async\" srcset=\"https:\/\/i1.wp.com\/ordendergeusen.de\/wp-content\/uploads\/2024\/05\/PXL_20220605_204153453-1024x771.jpg?strip=info&#038;w=600&#038;ssl=1 600w,https:\/\/i1.wp.com\/ordendergeusen.de\/wp-content\/uploads\/2024\/05\/PXL_20220605_204153453-1024x771.jpg?strip=info&#038;w=900&#038;ssl=1 900w,https:\/\/i1.wp.com\/ordendergeusen.de\/wp-content\/uploads\/2024\/05\/PXL_20220605_204153453-1024x771.jpg?strip=info&#038;w=1200&#038;ssl=1 1200w,https:\/\/i1.wp.com\/ordendergeusen.de\/wp-content\/uploads\/2024\/05\/PXL_20220605_204153453-1024x771.jpg?strip=info&#038;w=1500&#038;ssl=1 1500w,https:\/\/i1.wp.com\/ordendergeusen.de\/wp-content\/uploads\/2024\/05\/PXL_20220605_204153453-1024x771.jpg?strip=info&#038;w=1800&#038;ssl=1 1800w,https:\/\/i1.wp.com\/ordendergeusen.de\/wp-content\/uploads\/2024\/05\/PXL_20220605_204153453-1024x771.jpg?strip=info&#038;w=2000&#038;ssl=1 2000w\" alt=\"\" data-height=\"1928\" data-id=\"196\" data-link=\"https:\/\/ordendergeusen.de\/?attachment_id=196\" data-url=\"https:\/\/ordendergeusen.de\/wp-content\/uploads\/2024\/05\/PXL_20220605_204153453-1024x771.jpg\" data-width=\"2560\" src=\"https:\/\/i1.wp.com\/ordendergeusen.de\/wp-content\/uploads\/2024\/05\/PXL_20220605_204153453-1024x771.jpg?ssl=1\" data-amp-layout=\"responsive\"\/><\/figure><\/div><\/div><\/div><\/div><\/div>\n\n\n\n<pre class=\"wp-block-verse\">Treffen:<br>Jeden zweiten Freitag: 17:30 - 20:00<\/pre>\n\n\n\n<div class=\"wp-block-jetpack-contact-info\">\n<div class=\"wp-block-jetpack-email\"><a href=\"mailto:schlingel@ordendergeusen.de\">schlingel@ordendergeusen.de<\/a><\/div>\n\n\n\n\n<\/div>\n\n\n\n<div class=\"wp-block-group\"><div class=\"wp-block-group__inner-container is-layout-constrained wp-block-group-is-layout-constrained\"><\/div><\/div>\n\n\n\n<p><\/p>\n","protected":false},"excerpt":{"rendered":"<p>\u201eWer an der K\u00fcste bleibt, kann keine neuen Ozeane entdecken.\u201c \u2013 Ferdinand Magellan Erlebe aufregende Abenteuer und unvergessliche Erlebnisse auf<\/p>\n<p><a href=\"https:\/\/www.ordendergeusen.de\/?page_id=177\" class=\"more-link\">Continue reading<span class=\"screen-reader-text\">Rotte Schwarze Galeere (Velbert &amp; Bochum)<\/span><\/a><\/p>\n","protected":false},"author":1,"featured_media":0,"parent":0,"menu_order":0,"comment_status":"closed","ping_status":"closed","template":"","meta":{"pgc_sgb_lightbox_settings":"","footnotes":""},"class_list":["post-177","page","type-page","status-publish","hentry"],"jetpack_sharing_enabled":true,"_links":{"self":[{"href":"https:\/\/www.ordendergeusen.de\/index.php?rest_route=\/wp\/v2\/pages\/177","targetHints":{"allow":["GET"]}}],"collection":[{"href":"https:\/\/www.ordendergeusen.de\/index.php?rest_route=\/wp\/v2\/pages"}],"about":[{"href":"https:\/\/www.ordendergeusen.de\/index.php?rest_route=\/wp\/v2\/types\/page"}],"author":[{"embeddable":true,"href":"https:\/\/www.ordendergeusen.de\/index.php?rest_route=\/wp\/v2\/users\/1"}],"replies":[{"embeddable":true,"href":"https:\/\/www.ordendergeusen.de\/index.php?rest_route=%2Fwp%2Fv2%2Fcomments&post=177"}],"version-history":[{"count":21,"href":"https:\/\/www.ordendergeusen.de\/index.php?rest_route=\/wp\/v2\/pages\/177\/revisions"}],"predecessor-version":[{"id":486,"href":"https:\/\/www.ordendergeusen.de\/index.php?rest_route=\/wp\/v2\/pages\/177\/revisions\/486"}],"wp:attachment":[{"href":"https:\/\/www.ordendergeusen.de\/index.php?rest_route=%2Fwp%2Fv2%2Fmedia&parent=177"}],"curies":[{"name":"wp","href":"https:\/\/api.w.org\/{rel}","templated":true}]}}