{"id":25,"date":"2024-05-15T07:12:34","date_gmt":"2024-05-15T07:12:34","guid":{"rendered":"http:\/\/ordendergeusen.de\/?page_id=25"},"modified":"2025-04-05T11:35:45","modified_gmt":"2025-04-05T11:35:45","slug":"impressum","status":"publish","type":"page","link":"https:\/\/www.ordendergeusen.de\/?page_id=25","title":{"rendered":"Impressum"},"content":{"rendered":"\n<pre class=\"wp-block-verse\">Inhaltlich verantwortlich gem. \u00a710 Abs. 3 MDStv:<br><br>Yannik Matth\u00e4us <br>Markt 16 <br>53783 Eitorf <br><br>&amp;<br><br>Orden der Geusen im Zugvogel dt. Fahrtenbund e.V.<br>Dorotheenstr. 114, 46537 Dinslaken<br><br><br><br>Haftungsausschluss<br><br>Eine Haftung f\u00fcr eventuelle Datenschutz- und sonstige Rechtsverletzungen in anderen Angeboten, au die wir einen Link gesetzt haben, \u00fcbernehmen wir nicht. F\u00fcr die Inhalte der von uns verlinkten Fremdangebote sind die jeweiligen Herausgeber verantwortlich.<\/pre>\n","protected":false},"excerpt":{"rendered":"<p>Inhaltlich verantwortlich gem. \u00a710 Abs. 3 MDStv:Yannik Matth\u00e4us Markt 16 53783 Eitorf &amp;Orden der Geusen im Zugvogel dt. Fahrtenbund e.V.Dorotheenstr.<\/p>\n<p><a href=\"https:\/\/www.ordendergeusen.de\/?page_id=25\" class=\"more-link\">Continue reading<span class=\"screen-reader-text\">Impressum<\/span><\/a><\/p>\n","protected":false},"author":1,"featured_media":0,"parent":0,"menu_order":0,"comment_status":"closed","ping_status":"closed","template":"","meta":{"pgc_sgb_lightbox_settings":"","footnotes":""},"class_list":["post-25","page","type-page","status-publish","hentry"],"jetpack_sharing_enabled":true,"_links":{"self":[{"href":"https:\/\/www.ordendergeusen.de\/index.php?rest_route=\/wp\/v2\/pages\/25","targetHints":{"allow":["GET"]}}],"collection":[{"href":"https:\/\/www.ordendergeusen.de\/index.php?rest_route=\/wp\/v2\/pages"}],"about":[{"href":"https:\/\/www.ordendergeusen.de\/index.php?rest_route=\/wp\/v2\/types\/page"}],"author":[{"embeddable":true,"href":"https:\/\/www.ordendergeusen.de\/index.php?rest_route=\/wp\/v2\/users\/1"}],"replies":[{"embeddable":true,"href":"https:\/\/www.ordendergeusen.de\/index.php?rest_route=%2Fwp%2Fv2%2Fcomments&post=25"}],"version-history":[{"count":3,"href":"https:\/\/www.ordendergeusen.de\/index.php?rest_route=\/wp\/v2\/pages\/25\/revisions"}],"predecessor-version":[{"id":380,"href":"https:\/\/www.ordendergeusen.de\/index.php?rest_route=\/wp\/v2\/pages\/25\/revisions\/380"}],"wp:attachment":[{"href":"https:\/\/www.ordendergeusen.de\/index.php?rest_route=%2Fwp%2Fv2%2Fmedia&parent=25"}],"curies":[{"name":"wp","href":"https:\/\/api.w.org\/{rel}","templated":true}]}}